{"id":227,"date":"2022-07-11T11:16:40","date_gmt":"2022-07-11T14:16:40","guid":{"rendered":"https:\/\/posmecanicaufu.com.br\/en\/?page_id=227"},"modified":"2022-07-11T13:51:45","modified_gmt":"2022-07-11T16:51:45","slug":"recursos-proex","status":"publish","type":"page","link":"https:\/\/posmecanicaufu.com.br\/en\/recursos-proex\/","title":{"rendered":"Recursos PROEX"},"content":{"rendered":"\t\t<div data-elementor-type=\"wp-page\" data-elementor-id=\"227\" class=\"elementor elementor-227\" data-elementor-post-type=\"page\">\n\t\t\t\t\t\t<section class=\"elementor-section elementor-top-section elementor-element elementor-element-500d35e elementor-section-boxed elementor-section-height-default elementor-section-height-default\" data-id=\"500d35e\" data-element_type=\"section\" data-settings=\"{&quot;background_background&quot;:&quot;classic&quot;}\">\n\t\t\t\t\t\t<div class=\"elementor-container elementor-column-gap-default\">\n\t\t\t\t\t<div class=\"elementor-column elementor-col-100 elementor-top-column elementor-element elementor-element-76820a44\" data-id=\"76820a44\" data-element_type=\"column\">\n\t\t\t<div class=\"elementor-widget-wrap elementor-element-populated\">\n\t\t\t\t\t\t<div class=\"elementor-element elementor-element-1cbc6d5d elementor-widget elementor-widget-heading\" data-id=\"1cbc6d5d\" data-element_type=\"widget\" data-widget_type=\"heading.default\">\n\t\t\t\t<div class=\"elementor-widget-container\">\n\t\t\t\t\t<h2 class=\"elementor-heading-title elementor-size-default\">Recursos PROEX<\/h2>\t\t\t\t<\/div>\n\t\t\t\t<\/div>\n\t\t\t\t\t<\/div>\n\t\t<\/div>\n\t\t\t\t\t<\/div>\n\t\t<\/section>\n\t\t\t\t<section class=\"elementor-section elementor-top-section elementor-element elementor-element-466bf3fa elementor-section-boxed elementor-section-height-default elementor-section-height-default\" data-id=\"466bf3fa\" data-element_type=\"section\" data-settings=\"{&quot;background_background&quot;:&quot;classic&quot;}\">\n\t\t\t\t\t\t<div class=\"elementor-container elementor-column-gap-default\">\n\t\t\t\t\t<div class=\"elementor-column elementor-col-100 elementor-top-column elementor-element elementor-element-113a973\" data-id=\"113a973\" data-element_type=\"column\">\n\t\t\t<div class=\"elementor-widget-wrap elementor-element-populated\">\n\t\t\t\t\t\t<div class=\"elementor-element elementor-element-51f1a881 elementor-widget elementor-widget-heading\" data-id=\"51f1a881\" data-element_type=\"widget\" data-widget_type=\"heading.default\">\n\t\t\t\t<div class=\"elementor-widget-container\">\n\t\t\t\t\t<h2 class=\"elementor-heading-title elementor-size-default\">O projeto PROEX-CAPES que disponibiliza recursos para o desenvolvimento do programa de p\u00f3s-gradua\u00e7\u00e3o. Esses recursos podem ser acessados por pesquisadores e alunos do programa de acordo com o manual da CAPES. Estas solicita\u00e7\u00f5es atendem \u00e0s necessidades dos pesquisadores e discentes do programa. Nos \u00faltimos anos os recurso do projeto PROEX-CAPES foram distribu\u00eddos da seguinte forma:<\/h2>\t\t\t\t<\/div>\n\t\t\t\t<\/div>\n\t\t\t\t\t<\/div>\n\t\t<\/div>\n\t\t\t\t\t<\/div>\n\t\t<\/section>\n\t\t\t\t<section class=\"elementor-section elementor-top-section elementor-element elementor-element-3d841f8b elementor-section-boxed elementor-section-height-default elementor-section-height-default\" data-id=\"3d841f8b\" data-element_type=\"section\">\n\t\t\t\t\t\t<div class=\"elementor-container elementor-column-gap-default\">\n\t\t\t\t\t<div class=\"elementor-column elementor-col-100 elementor-top-column elementor-element elementor-element-5fc2691d\" data-id=\"5fc2691d\" data-element_type=\"column\">\n\t\t\t<div class=\"elementor-widget-wrap elementor-element-populated\">\n\t\t\t\t\t\t<div class=\"elementor-element elementor-element-134cde68 elementor-icon-list--layout-traditional elementor-list-item-link-full_width elementor-widget elementor-widget-icon-list\" data-id=\"134cde68\" data-element_type=\"widget\" data-widget_type=\"icon-list.default\">\n\t\t\t\t<div class=\"elementor-widget-container\">\n\t\t\t\t\t\t\t<ul class=\"elementor-icon-list-items\">\n\t\t\t\t\t\t\t<li class=\"elementor-icon-list-item\">\n\t\t\t\t\t\t\t\t\t\t\t<span class=\"elementor-icon-list-icon\">\n\t\t\t\t\t\t\t<i aria-hidden=\"true\" class=\"far fa-hand-point-right\"><\/i>\t\t\t\t\t\t<\/span>\n\t\t\t\t\t\t\t\t\t\t<span class=\"elementor-icon-list-text\">Di\u00e1rias \u2013 bancas examinadora e viagens para congressos<\/span>\n\t\t\t\t\t\t\t\t\t<\/li>\n\t\t\t\t\t\t\t\t<li class=\"elementor-icon-list-item\">\n\t\t\t\t\t\t\t\t\t\t\t<span class=\"elementor-icon-list-icon\">\n\t\t\t\t\t\t\t<i aria-hidden=\"true\" class=\"far fa-hand-point-right\"><\/i>\t\t\t\t\t\t<\/span>\n\t\t\t\t\t\t\t\t\t\t<span class=\"elementor-icon-list-text\">Passagens \u2013 bancas examinadora e viagens para congresso<\/span>\n\t\t\t\t\t\t\t\t\t<\/li>\n\t\t\t\t\t\t\t\t<li class=\"elementor-icon-list-item\">\n\t\t\t\t\t\t\t\t\t\t\t<span class=\"elementor-icon-list-icon\">\n\t\t\t\t\t\t\t<i aria-hidden=\"true\" class=\"far fa-hand-point-right\"><\/i>\t\t\t\t\t\t<\/span>\n\t\t\t\t\t\t\t\t\t\t<span class=\"elementor-icon-list-text\">Material consumo \u2013 material gasto diretamente em consum\u00edveis para pesquisa<\/span>\n\t\t\t\t\t\t\t\t\t<\/li>\n\t\t\t\t\t\t\t\t<li class=\"elementor-icon-list-item\">\n\t\t\t\t\t\t\t\t\t\t\t<span class=\"elementor-icon-list-icon\">\n\t\t\t\t\t\t\t<i aria-hidden=\"true\" class=\"far fa-hand-point-right\"><\/i>\t\t\t\t\t\t<\/span>\n\t\t\t\t\t\t\t\t\t\t<span class=\"elementor-icon-list-text\">Servi\u00e7o pessoa jur\u00eddica \u2013 servi\u00e7os de fabrica\u00e7\u00e3o de amostras e outros<\/span>\n\t\t\t\t\t\t\t\t\t<\/li>\n\t\t\t\t\t\t\t\t<li class=\"elementor-icon-list-item\">\n\t\t\t\t\t\t\t\t\t\t\t<span class=\"elementor-icon-list-icon\">\n\t\t\t\t\t\t\t<i aria-hidden=\"true\" class=\"far fa-hand-point-right\"><\/i>\t\t\t\t\t\t<\/span>\n\t\t\t\t\t\t\t\t\t\t<span class=\"elementor-icon-list-text\">Servi\u00e7o pessoa f\u00edsica (congresso e tradu\u00e7\u00e3o) \u2013 reembolso de inscri\u00e7\u00e3o em congressos, servi\u00e7o de tradu\u00e7\u00e3o e revis\u00e3o de artigos.<\/span>\n\t\t\t\t\t\t\t\t\t<\/li>\n\t\t\t\t\t\t<\/ul>\n\t\t\t\t\t\t<\/div>\n\t\t\t\t<\/div>\n\t\t\t\t\t<\/div>\n\t\t<\/div>\n\t\t\t\t\t<\/div>\n\t\t<\/section>\n\t\t\t\t<section class=\"elementor-section elementor-top-section elementor-element elementor-element-2ecc4f6 elementor-section-boxed elementor-section-height-default elementor-section-height-default\" data-id=\"2ecc4f6\" data-element_type=\"section\">\n\t\t\t\t\t\t<div class=\"elementor-container elementor-column-gap-default\">\n\t\t\t\t\t<div class=\"elementor-column elementor-col-100 elementor-top-column elementor-element elementor-element-d2336ba\" data-id=\"d2336ba\" data-element_type=\"column\">\n\t\t\t<div class=\"elementor-widget-wrap elementor-element-populated\">\n\t\t\t\t\t\t<div class=\"elementor-element elementor-element-31c2de9 elementor-widget elementor-widget-image\" data-id=\"31c2de9\" data-element_type=\"widget\" data-widget_type=\"image.default\">\n\t\t\t\t<div class=\"elementor-widget-container\">\n\t\t\t\t\t\t\t\t\t\t\t\t\t\t\t<img fetchpriority=\"high\" decoding=\"async\" width=\"800\" height=\"341\" src=\"https:\/\/posmecanicaufu.com.br\/en\/wp-content\/uploads\/2022\/07\/nkaa4HzQVEcSQdY6g9fUHK8VWMcXNrDYComDW73H-1024x437.png\" class=\"attachment-large size-large wp-image-280\" alt=\"\" srcset=\"https:\/\/posmecanicaufu.com.br\/en\/wp-content\/uploads\/2022\/07\/nkaa4HzQVEcSQdY6g9fUHK8VWMcXNrDYComDW73H-1024x437.png 1024w, https:\/\/posmecanicaufu.com.br\/en\/wp-content\/uploads\/2022\/07\/nkaa4HzQVEcSQdY6g9fUHK8VWMcXNrDYComDW73H-300x128.png 300w, https:\/\/posmecanicaufu.com.br\/en\/wp-content\/uploads\/2022\/07\/nkaa4HzQVEcSQdY6g9fUHK8VWMcXNrDYComDW73H-768x328.png 768w, https:\/\/posmecanicaufu.com.br\/en\/wp-content\/uploads\/2022\/07\/nkaa4HzQVEcSQdY6g9fUHK8VWMcXNrDYComDW73H.png 1051w\" sizes=\"(max-width: 800px) 100vw, 800px\" \/>\t\t\t\t\t\t\t\t\t\t\t\t\t\t\t<\/div>\n\t\t\t\t<\/div>\n\t\t\t\t\t<\/div>\n\t\t<\/div>\n\t\t\t\t\t<\/div>\n\t\t<\/section>\n\t\t\t\t<section class=\"elementor-section elementor-top-section elementor-element elementor-element-82baf37 elementor-section-boxed elementor-section-height-default elementor-section-height-default\" data-id=\"82baf37\" data-element_type=\"section\">\n\t\t\t\t\t\t<div class=\"elementor-container elementor-column-gap-default\">\n\t\t\t\t\t<div class=\"elementor-column elementor-col-100 elementor-top-column elementor-element elementor-element-0fb48ba\" data-id=\"0fb48ba\" data-element_type=\"column\">\n\t\t\t<div class=\"elementor-widget-wrap elementor-element-populated\">\n\t\t\t\t\t\t<div class=\"elementor-element elementor-element-b5ed16c elementor-widget elementor-widget-image\" data-id=\"b5ed16c\" data-element_type=\"widget\" data-widget_type=\"image.default\">\n\t\t\t\t<div class=\"elementor-widget-container\">\n\t\t\t\t\t\t\t\t\t\t\t\t\t\t\t<img decoding=\"async\" width=\"800\" height=\"345\" src=\"https:\/\/posmecanicaufu.com.br\/en\/wp-content\/uploads\/2022\/07\/p87q85WG4scRuYsOV0GkiQIL3akzZmSqEDOjgJNp-1024x442.png\" class=\"attachment-large size-large wp-image-279\" alt=\"\" srcset=\"https:\/\/posmecanicaufu.com.br\/en\/wp-content\/uploads\/2022\/07\/p87q85WG4scRuYsOV0GkiQIL3akzZmSqEDOjgJNp-1024x442.png 1024w, https:\/\/posmecanicaufu.com.br\/en\/wp-content\/uploads\/2022\/07\/p87q85WG4scRuYsOV0GkiQIL3akzZmSqEDOjgJNp-300x129.png 300w, https:\/\/posmecanicaufu.com.br\/en\/wp-content\/uploads\/2022\/07\/p87q85WG4scRuYsOV0GkiQIL3akzZmSqEDOjgJNp-768x331.png 768w, https:\/\/posmecanicaufu.com.br\/en\/wp-content\/uploads\/2022\/07\/p87q85WG4scRuYsOV0GkiQIL3akzZmSqEDOjgJNp.png 1048w\" sizes=\"(max-width: 800px) 100vw, 800px\" \/>\t\t\t\t\t\t\t\t\t\t\t\t\t\t\t<\/div>\n\t\t\t\t<\/div>\n\t\t\t\t\t<\/div>\n\t\t<\/div>\n\t\t\t\t\t<\/div>\n\t\t<\/section>\n\t\t\t\t<\/div>\n\t\t","protected":false},"excerpt":{"rendered":"<p>Recursos PROEX O projeto PROEX-CAPES que disponibiliza recursos para o desenvolvimento do programa de p\u00f3s-gradua\u00e7\u00e3o. Esses recursos podem ser acessados por pesquisadores e alunos do programa de acordo com o manual da CAPES. Estas solicita\u00e7\u00f5es atendem \u00e0s necessidades dos pesquisadores e discentes do programa. Nos \u00faltimos anos os recurso do projeto PROEX-CAPES foram distribu\u00eddos da [&hellip;]<\/p>\n","protected":false},"author":1,"featured_media":0,"parent":0,"menu_order":0,"comment_status":"closed","ping_status":"closed","template":"elementor_theme","meta":{"footnotes":""},"class_list":["post-227","page","type-page","status-publish","hentry"],"_links":{"self":[{"href":"https:\/\/posmecanicaufu.com.br\/en\/wp-json\/wp\/v2\/pages\/227","targetHints":{"allow":["GET"]}}],"collection":[{"href":"https:\/\/posmecanicaufu.com.br\/en\/wp-json\/wp\/v2\/pages"}],"about":[{"href":"https:\/\/posmecanicaufu.com.br\/en\/wp-json\/wp\/v2\/types\/page"}],"author":[{"embeddable":true,"href":"https:\/\/posmecanicaufu.com.br\/en\/wp-json\/wp\/v2\/users\/1"}],"replies":[{"embeddable":true,"href":"https:\/\/posmecanicaufu.com.br\/en\/wp-json\/wp\/v2\/comments?post=227"}],"version-history":[{"count":0,"href":"https:\/\/posmecanicaufu.com.br\/en\/wp-json\/wp\/v2\/pages\/227\/revisions"}],"wp:attachment":[{"href":"https:\/\/posmecanicaufu.com.br\/en\/wp-json\/wp\/v2\/media?parent=227"}],"curies":[{"name":"wp","href":"https:\/\/api.w.org\/{rel}","templated":true}]}}