{"id":288,"date":"2022-07-11T13:58:55","date_gmt":"2022-07-11T16:58:55","guid":{"rendered":"https:\/\/posmecanicaufu.com.br\/en\/?page_id=288"},"modified":"2023-10-17T08:50:12","modified_gmt":"2023-10-17T11:50:12","slug":"premios","status":"publish","type":"page","link":"https:\/\/posmecanicaufu.com.br\/en\/premios\/","title":{"rendered":"Pr\u00eamios"},"content":{"rendered":"\t\t<div data-elementor-type=\"wp-page\" data-elementor-id=\"288\" class=\"elementor elementor-288\" data-elementor-post-type=\"page\">\n\t\t\t\t\t\t<section class=\"elementor-section elementor-top-section elementor-element elementor-element-689470a3 elementor-section-boxed elementor-section-height-default elementor-section-height-default\" data-id=\"689470a3\" data-element_type=\"section\" data-settings=\"{&quot;background_background&quot;:&quot;classic&quot;}\">\n\t\t\t\t\t\t<div class=\"elementor-container elementor-column-gap-default\">\n\t\t\t\t\t<div class=\"elementor-column elementor-col-100 elementor-top-column elementor-element elementor-element-6f3bb58a\" data-id=\"6f3bb58a\" data-element_type=\"column\">\n\t\t\t<div class=\"elementor-widget-wrap elementor-element-populated\">\n\t\t\t\t\t\t<div class=\"elementor-element elementor-element-37ac1876 elementor-widget elementor-widget-heading\" data-id=\"37ac1876\" data-element_type=\"widget\" data-widget_type=\"heading.default\">\n\t\t\t\t<div class=\"elementor-widget-container\">\n\t\t\t\t\t<h2 class=\"elementor-heading-title elementor-size-default\">Trabalhos premiados no congresso internacional Mercofrio 2022<\/h2>\t\t\t\t<\/div>\n\t\t\t\t<\/div>\n\t\t\t\t\t<\/div>\n\t\t<\/div>\n\t\t\t\t\t<\/div>\n\t\t<\/section>\n\t\t\t\t<section class=\"elementor-section elementor-top-section elementor-element elementor-element-6c8f1378 elementor-section-boxed elementor-section-height-default elementor-section-height-default\" data-id=\"6c8f1378\" data-element_type=\"section\" data-settings=\"{&quot;background_background&quot;:&quot;classic&quot;}\">\n\t\t\t\t\t\t<div class=\"elementor-container elementor-column-gap-default\">\n\t\t\t\t\t<div class=\"elementor-column elementor-col-50 elementor-top-column elementor-element elementor-element-d903352\" data-id=\"d903352\" data-element_type=\"column\">\n\t\t\t<div class=\"elementor-widget-wrap elementor-element-populated\">\n\t\t\t\t\t\t<div class=\"elementor-element elementor-element-2821c90 elementor-widget elementor-widget-image\" data-id=\"2821c90\" data-element_type=\"widget\" data-widget_type=\"image.default\">\n\t\t\t\t<div class=\"elementor-widget-container\">\n\t\t\t\t\t\t\t\t\t\t\t\t\t\t\t<img fetchpriority=\"high\" decoding=\"async\" width=\"800\" height=\"566\" src=\"https:\/\/posmecanicaufu.com.br\/en\/wp-content\/uploads\/2022\/09\/premio-rotated-1-1024x725.jpg\" class=\"attachment-large size-large wp-image-538\" alt=\"Trabalhos premiados no congresso internacional Mercofrio 2022\" srcset=\"https:\/\/posmecanicaufu.com.br\/en\/wp-content\/uploads\/2022\/09\/premio-rotated-1-1024x725.jpg 1024w, https:\/\/posmecanicaufu.com.br\/en\/wp-content\/uploads\/2022\/09\/premio-rotated-1-300x212.jpg 300w, https:\/\/posmecanicaufu.com.br\/en\/wp-content\/uploads\/2022\/09\/premio-rotated-1-768x544.jpg 768w, https:\/\/posmecanicaufu.com.br\/en\/wp-content\/uploads\/2022\/09\/premio-rotated-1-1536x1087.jpg 1536w, https:\/\/posmecanicaufu.com.br\/en\/wp-content\/uploads\/2022\/09\/premio-rotated-1-2048x1450.jpg 2048w\" sizes=\"(max-width: 800px) 100vw, 800px\" \/>\t\t\t\t\t\t\t\t\t\t\t\t\t\t\t<\/div>\n\t\t\t\t<\/div>\n\t\t\t\t\t<\/div>\n\t\t<\/div>\n\t\t\t\t<div class=\"elementor-column elementor-col-50 elementor-top-column elementor-element elementor-element-1de7674\" data-id=\"1de7674\" data-element_type=\"column\">\n\t\t\t<div class=\"elementor-widget-wrap elementor-element-populated\">\n\t\t\t\t\t\t<div class=\"elementor-element elementor-element-bf5a1e4 elementor-widget elementor-widget-image\" data-id=\"bf5a1e4\" data-element_type=\"widget\" data-widget_type=\"image.default\">\n\t\t\t\t<div class=\"elementor-widget-container\">\n\t\t\t\t\t\t\t\t\t\t\t\t\t\t\t<img decoding=\"async\" width=\"800\" height=\"566\" src=\"https:\/\/posmecanicaufu.com.br\/en\/wp-content\/uploads\/2022\/09\/franpremio-rotated-1-1024x725.jpg\" class=\"attachment-large size-large wp-image-546\" alt=\"Trabalhos premiados no congresso internacional Mercofrio 2022\" srcset=\"https:\/\/posmecanicaufu.com.br\/en\/wp-content\/uploads\/2022\/09\/franpremio-rotated-1-1024x725.jpg 1024w, https:\/\/posmecanicaufu.com.br\/en\/wp-content\/uploads\/2022\/09\/franpremio-rotated-1-300x212.jpg 300w, https:\/\/posmecanicaufu.com.br\/en\/wp-content\/uploads\/2022\/09\/franpremio-rotated-1-768x544.jpg 768w, https:\/\/posmecanicaufu.com.br\/en\/wp-content\/uploads\/2022\/09\/franpremio-rotated-1-1536x1087.jpg 1536w, https:\/\/posmecanicaufu.com.br\/en\/wp-content\/uploads\/2022\/09\/franpremio-rotated-1-2048x1450.jpg 2048w\" sizes=\"(max-width: 800px) 100vw, 800px\" \/>\t\t\t\t\t\t\t\t\t\t\t\t\t\t\t<\/div>\n\t\t\t\t<\/div>\n\t\t\t\t\t<\/div>\n\t\t<\/div>\n\t\t\t\t\t<\/div>\n\t\t<\/section>\n\t\t\t\t<section class=\"elementor-section elementor-top-section elementor-element elementor-element-ccf09a8 elementor-section-boxed elementor-section-height-default elementor-section-height-default\" data-id=\"ccf09a8\" data-element_type=\"section\" data-settings=\"{&quot;background_background&quot;:&quot;classic&quot;}\">\n\t\t\t\t\t\t<div class=\"elementor-container elementor-column-gap-default\">\n\t\t\t\t\t<div class=\"elementor-column elementor-col-50 elementor-top-column elementor-element elementor-element-cbbe178\" data-id=\"cbbe178\" data-element_type=\"column\">\n\t\t\t<div class=\"elementor-widget-wrap elementor-element-populated\">\n\t\t\t\t\t\t<div class=\"elementor-element elementor-element-10678a7 elementor-widget elementor-widget-image\" data-id=\"10678a7\" data-element_type=\"widget\" data-widget_type=\"image.default\">\n\t\t\t\t<div class=\"elementor-widget-container\">\n\t\t\t\t\t\t\t\t\t\t\t\t\t\t\t<img decoding=\"async\" width=\"771\" height=\"618\" src=\"https:\/\/posmecanicaufu.com.br\/en\/wp-content\/uploads\/2022\/09\/indice.jpg\" class=\"attachment-large size-large wp-image-542\" alt=\"Trabalhos premiados no congresso internacional Mercofrio 2022\" srcset=\"https:\/\/posmecanicaufu.com.br\/en\/wp-content\/uploads\/2022\/09\/indice.jpg 771w, https:\/\/posmecanicaufu.com.br\/en\/wp-content\/uploads\/2022\/09\/indice-300x240.jpg 300w, https:\/\/posmecanicaufu.com.br\/en\/wp-content\/uploads\/2022\/09\/indice-768x616.jpg 768w\" sizes=\"(max-width: 771px) 100vw, 771px\" \/>\t\t\t\t\t\t\t\t\t\t\t\t\t\t\t<\/div>\n\t\t\t\t<\/div>\n\t\t\t\t\t<\/div>\n\t\t<\/div>\n\t\t\t\t<div class=\"elementor-column elementor-col-50 elementor-top-column elementor-element elementor-element-ad8b999\" data-id=\"ad8b999\" data-element_type=\"column\">\n\t\t\t<div class=\"elementor-widget-wrap elementor-element-populated\">\n\t\t\t\t\t\t<div class=\"elementor-element elementor-element-3e70c4a elementor-widget elementor-widget-image\" data-id=\"3e70c4a\" data-element_type=\"widget\" data-widget_type=\"image.default\">\n\t\t\t\t<div class=\"elementor-widget-container\">\n\t\t\t\t\t\t\t\t\t\t\t\t\t\t\t<img loading=\"lazy\" decoding=\"async\" width=\"800\" height=\"573\" src=\"https:\/\/posmecanicaufu.com.br\/en\/wp-content\/uploads\/2022\/10\/00-1024x733.jpg\" class=\"attachment-large size-large wp-image-558\" alt=\"\" srcset=\"https:\/\/posmecanicaufu.com.br\/en\/wp-content\/uploads\/2022\/10\/00-1024x733.jpg 1024w, https:\/\/posmecanicaufu.com.br\/en\/wp-content\/uploads\/2022\/10\/00-300x215.jpg 300w, https:\/\/posmecanicaufu.com.br\/en\/wp-content\/uploads\/2022\/10\/00-768x550.jpg 768w, https:\/\/posmecanicaufu.com.br\/en\/wp-content\/uploads\/2022\/10\/00.jpg 1118w\" sizes=\"(max-width: 800px) 100vw, 800px\" \/>\t\t\t\t\t\t\t\t\t\t\t\t\t\t\t<\/div>\n\t\t\t\t<\/div>\n\t\t\t\t\t<\/div>\n\t\t<\/div>\n\t\t\t\t\t<\/div>\n\t\t<\/section>\n\t\t\t\t<section class=\"elementor-section elementor-top-section elementor-element elementor-element-2b78896 elementor-section-boxed elementor-section-height-default elementor-section-height-default\" data-id=\"2b78896\" data-element_type=\"section\" data-settings=\"{&quot;background_background&quot;:&quot;classic&quot;}\">\n\t\t\t\t\t\t<div class=\"elementor-container elementor-column-gap-default\">\n\t\t\t\t\t<div class=\"elementor-column elementor-col-50 elementor-top-column elementor-element elementor-element-bc52c58\" data-id=\"bc52c58\" data-element_type=\"column\">\n\t\t\t<div class=\"elementor-widget-wrap elementor-element-populated\">\n\t\t\t\t\t\t<div class=\"elementor-element elementor-element-9664200 elementor-widget elementor-widget-image\" data-id=\"9664200\" data-element_type=\"widget\" data-widget_type=\"image.default\">\n\t\t\t\t<div class=\"elementor-widget-container\">\n\t\t\t\t\t\t\t\t\t\t\t\t\t\t\t<img loading=\"lazy\" decoding=\"async\" width=\"800\" height=\"573\" src=\"https:\/\/posmecanicaufu.com.br\/en\/wp-content\/uploads\/2022\/10\/01-1024x733.jpg\" class=\"attachment-large size-large wp-image-554\" alt=\"\" srcset=\"https:\/\/posmecanicaufu.com.br\/en\/wp-content\/uploads\/2022\/10\/01-1024x733.jpg 1024w, https:\/\/posmecanicaufu.com.br\/en\/wp-content\/uploads\/2022\/10\/01-300x215.jpg 300w, https:\/\/posmecanicaufu.com.br\/en\/wp-content\/uploads\/2022\/10\/01-768x550.jpg 768w, https:\/\/posmecanicaufu.com.br\/en\/wp-content\/uploads\/2022\/10\/01.jpg 1118w\" sizes=\"(max-width: 800px) 100vw, 800px\" \/>\t\t\t\t\t\t\t\t\t\t\t\t\t\t\t<\/div>\n\t\t\t\t<\/div>\n\t\t\t\t\t<\/div>\n\t\t<\/div>\n\t\t\t\t<div class=\"elementor-column elementor-col-50 elementor-top-column elementor-element elementor-element-602d149\" data-id=\"602d149\" data-element_type=\"column\">\n\t\t\t<div class=\"elementor-widget-wrap elementor-element-populated\">\n\t\t\t\t\t\t<div class=\"elementor-element elementor-element-908044c elementor-widget elementor-widget-image\" data-id=\"908044c\" data-element_type=\"widget\" data-widget_type=\"image.default\">\n\t\t\t\t<div class=\"elementor-widget-container\">\n\t\t\t\t\t\t\t\t\t\t\t\t\t\t\t<img loading=\"lazy\" decoding=\"async\" width=\"800\" height=\"573\" src=\"https:\/\/posmecanicaufu.com.br\/en\/wp-content\/uploads\/2022\/10\/02-1024x733.jpg\" class=\"attachment-large size-large wp-image-555\" alt=\"\" srcset=\"https:\/\/posmecanicaufu.com.br\/en\/wp-content\/uploads\/2022\/10\/02-1024x733.jpg 1024w, https:\/\/posmecanicaufu.com.br\/en\/wp-content\/uploads\/2022\/10\/02-300x215.jpg 300w, https:\/\/posmecanicaufu.com.br\/en\/wp-content\/uploads\/2022\/10\/02-768x550.jpg 768w, https:\/\/posmecanicaufu.com.br\/en\/wp-content\/uploads\/2022\/10\/02.jpg 1118w\" sizes=\"(max-width: 800px) 100vw, 800px\" \/>\t\t\t\t\t\t\t\t\t\t\t\t\t\t\t<\/div>\n\t\t\t\t<\/div>\n\t\t\t\t\t<\/div>\n\t\t<\/div>\n\t\t\t\t\t<\/div>\n\t\t<\/section>\n\t\t\t\t<section class=\"elementor-section elementor-top-section elementor-element elementor-element-402c078 elementor-section-boxed elementor-section-height-default elementor-section-height-default\" data-id=\"402c078\" data-element_type=\"section\" data-settings=\"{&quot;background_background&quot;:&quot;classic&quot;}\">\n\t\t\t\t\t\t<div class=\"elementor-container elementor-column-gap-default\">\n\t\t\t\t\t<div class=\"elementor-column elementor-col-50 elementor-top-column elementor-element elementor-element-7187082\" data-id=\"7187082\" data-element_type=\"column\">\n\t\t\t<div class=\"elementor-widget-wrap elementor-element-populated\">\n\t\t\t\t\t\t<div class=\"elementor-element elementor-element-473b66e elementor-widget elementor-widget-image\" data-id=\"473b66e\" data-element_type=\"widget\" data-widget_type=\"image.default\">\n\t\t\t\t<div class=\"elementor-widget-container\">\n\t\t\t\t\t\t\t\t\t\t\t\t\t\t\t<img loading=\"lazy\" decoding=\"async\" width=\"800\" height=\"573\" src=\"https:\/\/posmecanicaufu.com.br\/en\/wp-content\/uploads\/2022\/10\/03-1024x733.jpg\" class=\"attachment-large size-large wp-image-556\" alt=\"\" srcset=\"https:\/\/posmecanicaufu.com.br\/en\/wp-content\/uploads\/2022\/10\/03-1024x733.jpg 1024w, https:\/\/posmecanicaufu.com.br\/en\/wp-content\/uploads\/2022\/10\/03-300x215.jpg 300w, https:\/\/posmecanicaufu.com.br\/en\/wp-content\/uploads\/2022\/10\/03-768x550.jpg 768w, https:\/\/posmecanicaufu.com.br\/en\/wp-content\/uploads\/2022\/10\/03.jpg 1118w\" sizes=\"(max-width: 800px) 100vw, 800px\" \/>\t\t\t\t\t\t\t\t\t\t\t\t\t\t\t<\/div>\n\t\t\t\t<\/div>\n\t\t\t\t\t<\/div>\n\t\t<\/div>\n\t\t\t\t<div class=\"elementor-column elementor-col-50 elementor-top-column elementor-element elementor-element-7bfedc9\" data-id=\"7bfedc9\" data-element_type=\"column\">\n\t\t\t<div class=\"elementor-widget-wrap elementor-element-populated\">\n\t\t\t\t\t\t<div class=\"elementor-element elementor-element-cdf1e5e elementor-widget elementor-widget-image\" data-id=\"cdf1e5e\" data-element_type=\"widget\" data-widget_type=\"image.default\">\n\t\t\t\t<div class=\"elementor-widget-container\">\n\t\t\t\t\t\t\t\t\t\t\t\t\t\t\t<img loading=\"lazy\" decoding=\"async\" width=\"800\" height=\"573\" src=\"https:\/\/posmecanicaufu.com.br\/en\/wp-content\/uploads\/2022\/10\/04-1024x733.jpg\" class=\"attachment-large size-large wp-image-557\" alt=\"\" srcset=\"https:\/\/posmecanicaufu.com.br\/en\/wp-content\/uploads\/2022\/10\/04-1024x733.jpg 1024w, https:\/\/posmecanicaufu.com.br\/en\/wp-content\/uploads\/2022\/10\/04-300x215.jpg 300w, https:\/\/posmecanicaufu.com.br\/en\/wp-content\/uploads\/2022\/10\/04-768x550.jpg 768w, https:\/\/posmecanicaufu.com.br\/en\/wp-content\/uploads\/2022\/10\/04.jpg 1118w\" sizes=\"(max-width: 800px) 100vw, 800px\" \/>\t\t\t\t\t\t\t\t\t\t\t\t\t\t\t<\/div>\n\t\t\t\t<\/div>\n\t\t\t\t\t<\/div>\n\t\t<\/div>\n\t\t\t\t\t<\/div>\n\t\t<\/section>\n\t\t\t\t<section class=\"elementor-section elementor-top-section elementor-element elementor-element-a57dac6 elementor-section-boxed elementor-section-height-default elementor-section-height-default\" data-id=\"a57dac6\" data-element_type=\"section\" data-settings=\"{&quot;background_background&quot;:&quot;classic&quot;}\">\n\t\t\t\t\t\t<div class=\"elementor-container elementor-column-gap-default\">\n\t\t\t\t\t<div class=\"elementor-column elementor-col-50 elementor-top-column elementor-element elementor-element-787d3c6\" data-id=\"787d3c6\" data-element_type=\"column\">\n\t\t\t<div class=\"elementor-widget-wrap elementor-element-populated\">\n\t\t\t\t\t\t<div class=\"elementor-element elementor-element-ef9f526 elementor-widget elementor-widget-image\" data-id=\"ef9f526\" data-element_type=\"widget\" data-widget_type=\"image.default\">\n\t\t\t\t<div class=\"elementor-widget-container\">\n\t\t\t\t\t\t\t\t\t\t\t\t\t\t\t<img loading=\"lazy\" decoding=\"async\" width=\"800\" height=\"566\" src=\"https:\/\/posmecanicaufu.com.br\/en\/wp-content\/uploads\/2023\/10\/00.jpg\" class=\"attachment-large size-large wp-image-1174\" alt=\"\" srcset=\"https:\/\/posmecanicaufu.com.br\/en\/wp-content\/uploads\/2023\/10\/00.jpg 1024w, https:\/\/posmecanicaufu.com.br\/en\/wp-content\/uploads\/2023\/10\/00-300x212.jpg 300w, https:\/\/posmecanicaufu.com.br\/en\/wp-content\/uploads\/2023\/10\/00-768x544.jpg 768w\" sizes=\"(max-width: 800px) 100vw, 800px\" \/>\t\t\t\t\t\t\t\t\t\t\t\t\t\t\t<\/div>\n\t\t\t\t<\/div>\n\t\t\t\t<div class=\"elementor-element elementor-element-5e8bf69 elementor-widget elementor-widget-text-editor\" data-id=\"5e8bf69\" data-element_type=\"widget\" data-widget_type=\"text-editor.default\">\n\t\t\t\t<div class=\"elementor-widget-container\">\n\t\t\t\t\t\t\t\t\t<p>Egresso do Doutorado Lucas Ant\u00f4nio Oliveira Rodrigues, orientado do prof. Rog\u00e9rio Sales Gon\u00e7alves, conquistou o pr\u00eamio de melhor tese submetida ao Concurso de Teses e Disserta\u00e7\u00f5es em Rob\u00f3tica (CTDR) 2023 realizado em Salvador. Este \u00e9 um pr\u00eamio promovido pela Sociedade Brasileira de Computa\u00e7\u00e3o (SBC).<\/p>\t\t\t\t\t\t\t\t<\/div>\n\t\t\t\t<\/div>\n\t\t\t\t\t<\/div>\n\t\t<\/div>\n\t\t\t\t<div class=\"elementor-column elementor-col-50 elementor-top-column elementor-element elementor-element-fb73ccd\" data-id=\"fb73ccd\" data-element_type=\"column\">\n\t\t\t<div class=\"elementor-widget-wrap\">\n\t\t\t\t\t\t\t<\/div>\n\t\t<\/div>\n\t\t\t\t\t<\/div>\n\t\t<\/section>\n\t\t\t\t<\/div>\n\t\t","protected":false},"excerpt":{"rendered":"<p>Trabalhos premiados no congresso internacional Mercofrio 2022 Egresso do Doutorado Lucas Ant\u00f4nio Oliveira Rodrigues, orientado do prof. Rog\u00e9rio Sales Gon\u00e7alves, conquistou o pr\u00eamio de melhor tese submetida ao Concurso de Teses e Disserta\u00e7\u00f5es em Rob\u00f3tica (CTDR) 2023 realizado em Salvador. Este \u00e9 um pr\u00eamio promovido pela Sociedade Brasileira de Computa\u00e7\u00e3o (SBC).<\/p>\n","protected":false},"author":1,"featured_media":0,"parent":0,"menu_order":0,"comment_status":"closed","ping_status":"closed","template":"elementor_theme","meta":{"footnotes":""},"class_list":["post-288","page","type-page","status-publish","hentry"],"_links":{"self":[{"href":"https:\/\/posmecanicaufu.com.br\/en\/wp-json\/wp\/v2\/pages\/288","targetHints":{"allow":["GET"]}}],"collection":[{"href":"https:\/\/posmecanicaufu.com.br\/en\/wp-json\/wp\/v2\/pages"}],"about":[{"href":"https:\/\/posmecanicaufu.com.br\/en\/wp-json\/wp\/v2\/types\/page"}],"author":[{"embeddable":true,"href":"https:\/\/posmecanicaufu.com.br\/en\/wp-json\/wp\/v2\/users\/1"}],"replies":[{"embeddable":true,"href":"https:\/\/posmecanicaufu.com.br\/en\/wp-json\/wp\/v2\/comments?post=288"}],"version-history":[{"count":18,"href":"https:\/\/posmecanicaufu.com.br\/en\/wp-json\/wp\/v2\/pages\/288\/revisions"}],"predecessor-version":[{"id":1180,"href":"https:\/\/posmecanicaufu.com.br\/en\/wp-json\/wp\/v2\/pages\/288\/revisions\/1180"}],"wp:attachment":[{"href":"https:\/\/posmecanicaufu.com.br\/en\/wp-json\/wp\/v2\/media?parent=288"}],"curies":[{"name":"wp","href":"https:\/\/api.w.org\/{rel}","templated":true}]}}