{"id":293,"date":"2022-07-11T14:01:04","date_gmt":"2022-07-11T17:01:04","guid":{"rendered":"https:\/\/posmecanicaufu.com.br\/en\/?page_id=293"},"modified":"2022-07-11T14:26:47","modified_gmt":"2022-07-11T17:26:47","slug":"distribuicao-de-bolsas-de-estudo","status":"publish","type":"page","link":"https:\/\/posmecanicaufu.com.br\/en\/distribuicao-de-bolsas-de-estudo\/","title":{"rendered":"Distribui\u00e7\u00e3o de Bolsas de Estudo"},"content":{"rendered":"\t\t<div data-elementor-type=\"wp-page\" data-elementor-id=\"293\" class=\"elementor elementor-293\" data-elementor-post-type=\"page\">\n\t\t\t\t\t\t<section class=\"elementor-section elementor-top-section elementor-element elementor-element-4e4f8576 elementor-section-boxed elementor-section-height-default elementor-section-height-default\" data-id=\"4e4f8576\" data-element_type=\"section\" data-settings=\"{&quot;background_background&quot;:&quot;classic&quot;}\">\n\t\t\t\t\t\t<div class=\"elementor-container elementor-column-gap-default\">\n\t\t\t\t\t<div class=\"elementor-column elementor-col-100 elementor-top-column elementor-element elementor-element-c674ffe\" data-id=\"c674ffe\" data-element_type=\"column\">\n\t\t\t<div class=\"elementor-widget-wrap elementor-element-populated\">\n\t\t\t\t\t\t<div class=\"elementor-element elementor-element-6906fa5a elementor-widget elementor-widget-heading\" data-id=\"6906fa5a\" data-element_type=\"widget\" data-widget_type=\"heading.default\">\n\t\t\t\t<div class=\"elementor-widget-container\">\n\t\t\t\t\t<h2 class=\"elementor-heading-title elementor-size-default\">Distribui\u00e7\u00e3o de bolsas<\/h2>\t\t\t\t<\/div>\n\t\t\t\t<\/div>\n\t\t\t\t\t<\/div>\n\t\t<\/div>\n\t\t\t\t\t<\/div>\n\t\t<\/section>\n\t\t\t\t<section class=\"elementor-section elementor-top-section elementor-element elementor-element-f6a12fb elementor-section-boxed elementor-section-height-default elementor-section-height-default\" data-id=\"f6a12fb\" data-element_type=\"section\">\n\t\t\t\t\t\t<div class=\"elementor-container elementor-column-gap-default\">\n\t\t\t\t\t<div class=\"elementor-column elementor-col-100 elementor-top-column elementor-element elementor-element-afd85a9\" data-id=\"afd85a9\" data-element_type=\"column\">\n\t\t\t<div class=\"elementor-widget-wrap elementor-element-populated\">\n\t\t\t\t\t\t<div class=\"elementor-element elementor-element-058ee9c elementor-widget elementor-widget-text-editor\" data-id=\"058ee9c\" data-element_type=\"widget\" data-widget_type=\"text-editor.default\">\n\t\t\t\t<div class=\"elementor-widget-container\">\n\t\t\t\t\t\t\t\t\t<p>As bolsas administradas pelo Programa ser\u00e3o distribu\u00eddas de acordo com crit\u00e9rios adotados por Comiss\u00e3o designada pelo Coordenador do Programa seguindo exig\u00eancia, orienta\u00e7\u00f5es e recomenda\u00e7\u00f5es das ag\u00eancias financiadoras das bolsas.<br><\/p>\n<p>O programa \u00e9 fomentado pelas seguintes ag\u00eancias:<\/p>\n<p><strong>CAPES<\/strong> \u2013 Coordena\u00e7\u00e3o de Aperfei\u00e7oamento de Pessoal de N\u00edvel Superior<br><strong>CNPq<\/strong> \u2013 Conselho Nacional de Desenvolvimento Cient\u00edfico e Tecnol\u00f3gico<br><strong>FAPEMIG<\/strong> \u2013 Funda\u00e7\u00e3o de Amparo \u00e0 Pesquisa do Estado de Minas Gerais<\/p>\t\t\t\t\t\t\t\t<\/div>\n\t\t\t\t<\/div>\n\t\t\t\t\t<\/div>\n\t\t<\/div>\n\t\t\t\t\t<\/div>\n\t\t<\/section>\n\t\t\t\t<\/div>\n\t\t","protected":false},"excerpt":{"rendered":"<p>Distribui\u00e7\u00e3o de bolsas As bolsas administradas pelo Programa ser\u00e3o distribu\u00eddas de acordo com crit\u00e9rios adotados por Comiss\u00e3o designada pelo Coordenador do Programa seguindo exig\u00eancia, orienta\u00e7\u00f5es e recomenda\u00e7\u00f5es das ag\u00eancias financiadoras das bolsas. O programa \u00e9 fomentado pelas seguintes ag\u00eancias: CAPES \u2013 Coordena\u00e7\u00e3o de Aperfei\u00e7oamento de Pessoal de N\u00edvel SuperiorCNPq \u2013 Conselho Nacional de Desenvolvimento Cient\u00edfico [&hellip;]<\/p>\n","protected":false},"author":1,"featured_media":0,"parent":0,"menu_order":0,"comment_status":"closed","ping_status":"closed","template":"elementor_theme","meta":{"footnotes":""},"class_list":["post-293","page","type-page","status-publish","hentry"],"_links":{"self":[{"href":"https:\/\/posmecanicaufu.com.br\/en\/wp-json\/wp\/v2\/pages\/293","targetHints":{"allow":["GET"]}}],"collection":[{"href":"https:\/\/posmecanicaufu.com.br\/en\/wp-json\/wp\/v2\/pages"}],"about":[{"href":"https:\/\/posmecanicaufu.com.br\/en\/wp-json\/wp\/v2\/types\/page"}],"author":[{"embeddable":true,"href":"https:\/\/posmecanicaufu.com.br\/en\/wp-json\/wp\/v2\/users\/1"}],"replies":[{"embeddable":true,"href":"https:\/\/posmecanicaufu.com.br\/en\/wp-json\/wp\/v2\/comments?post=293"}],"version-history":[{"count":0,"href":"https:\/\/posmecanicaufu.com.br\/en\/wp-json\/wp\/v2\/pages\/293\/revisions"}],"wp:attachment":[{"href":"https:\/\/posmecanicaufu.com.br\/en\/wp-json\/wp\/v2\/media?parent=293"}],"curies":[{"name":"wp","href":"https:\/\/api.w.org\/{rel}","templated":true}]}}